{"id":3801,"date":"2020-04-07T11:08:38","date_gmt":"2020-04-07T09:08:38","guid":{"rendered":"https:\/\/olgod-el.dk\/?page_id=3801"},"modified":"2020-04-07T11:08:38","modified_gmt":"2020-04-07T09:08:38","slug":"garanti-paa-el-arbejde","status":"publish","type":"page","link":"https:\/\/olgod-el.dk\/index.php\/garanti-paa-el-arbejde\/","title":{"rendered":"Garanti p\u00e5 El-arbejde"},"content":{"rendered":"<p>[av_three_fourth first min_height=&#8221; vertical_alignment=&#8221; space=&#8221; custom_margin=&#8221; margin=&#8217;0px&#8217; row_boxshadow=&#8221; row_boxshadow_color=&#8221; row_boxshadow_width=&#8217;10&#8217; link=&#8221; linktarget=&#8221; link_hover=&#8221; title_attr=&#8221; alt_attr=&#8221; padding=&#8217;0px&#8217; highlight=&#8221; highlight_size=&#8221; border=&#8221; border_color=&#8221; radius=&#8217;0px&#8217; column_boxshadow=&#8221; column_boxshadow_color=&#8221; column_boxshadow_width=&#8217;10&#8217; background=&#8217;bg_color&#8217; background_color=&#8221; background_gradient_color1=&#8221; background_gradient_color2=&#8221; background_gradient_direction=&#8217;vertical&#8217; src=&#8221; background_position=&#8217;top left&#8217; background_repeat=&#8217;no-repeat&#8217; animation=&#8221; mobile_breaking=&#8221; mobile_display=&#8221; av_uid=&#8221;]<\/p>\n<p>[av_textblock size=&#8221; font_color=&#8221; color=&#8221; av-medium-font-size=&#8221; av-small-font-size=&#8221; av-mini-font-size=&#8221; av_uid=&#8217;av-k8polmwi&#8217; id=&#8221; custom_class=&#8221; admin_preview_bg=&#8221;]<\/p>\n<h2>Garanti<\/h2>\n<h3>Som medlem af TEKNIQ giver vi vores kunder en betryggende sikkerhed og garanti for d\u00e9t arbejde vi udf\u00f8rer.<\/h3>\n<p>TEKNIQ har etableret ELFO Garanti, der er en garantiordning for el-arbejde.<\/p>\n<p>Garantiordningen har til form\u00e5l at sikre, at en privat forbruger, der f\u00e5r medhold i en sag ved Anken\u00e6vnet for Tekniske Installationer, f\u00e5r kendelsen opfyldt, hvis installat\u00f8ren ikke kan eller vil opfylde en kendelse. Anken\u00e6vnets form\u00e5l er at medvirke til en nem, hurtig og billig l\u00f8sning af uoverensstemmelser mellem private kunder og el-installat\u00f8rer.<\/p>\n<p>Garantiordningen g\u00e6lder kun for arbejder, der er udf\u00f8rt af medlemmer af ELFO. Se derfor for en sikkerheds skyld efter el-m\u00e6rket eller sp\u00f8rg installat\u00f8ren.<\/p>\n<p><strong>D\u00e6kker udgifter op til 150.000 kr.<\/strong><\/p>\n<p><strong>Garantiordningen d\u00e6kker udgifter op til og med kr. 150.000,00 inkl.\u00a0 moms.<\/strong><\/p>\n<h3>Hvem kan klage?<\/h3>\n<p>Private forbrugere kan klage over el-arbejde og leverancer, der ikke er bestilt udf\u00f8rt til erhvervsm\u00e6ssige form\u00e5l.<\/p>\n<h3>Hvad kan man klage over?<\/h3>\n<p>En klage kan kun indbringes for Anken\u00e6vnet, hvis klagen i forvejen forg\u00e6ves har v\u00e6ret forelagt for el-installat\u00f8ren. Man kan klage over n\u00e6sten alt, dog ikke el-installat\u00f8rens interne forretningsprincipper som f.eks. time- og materialepriser.<\/p>\n<p>L\u00e6s mere <a href=\"http:\/\/www.tekniq.dk\/\" target=\"_blank\" rel=\"noopener noreferrer\">http:\/\/www.tekniq.dk\/<\/a><br \/>\n[\/av_textblock]<\/p>\n<p>[\/av_three_fourth][av_one_fourth min_height=&#8221; vertical_alignment=&#8221; space=&#8221; custom_margin=&#8221; margin=&#8217;0px&#8217; row_boxshadow=&#8221; row_boxshadow_color=&#8221; row_boxshadow_width=&#8217;10&#8217; link=&#8221; linktarget=&#8221; link_hover=&#8221; title_attr=&#8221; alt_attr=&#8221; padding=&#8217;0px&#8217; highlight=&#8221; highlight_size=&#8221; border=&#8221; border_color=&#8221; radius=&#8217;0px&#8217; column_boxshadow=&#8221; column_boxshadow_color=&#8221; column_boxshadow_width=&#8217;10&#8217; background=&#8217;bg_color&#8217; background_color=&#8221; background_gradient_color1=&#8221; background_gradient_color2=&#8221; background_gradient_direction=&#8217;vertical&#8217; src=&#8221; background_position=&#8217;top left&#8217; background_repeat=&#8217;no-repeat&#8217; animation=&#8221; mobile_breaking=&#8221; mobile_display=&#8221; av_uid=&#8221;]<\/p>\n<p>[av_image src=&#8217;http:\/\/olgod.avdan.dk\/wp-content\/uploads\/2020\/04\/Tekniqs-garantim\u00e6rke-EL-300&#215;78.png&#8217; attachment=&#8217;3798&#8242; attachment_size=&#8217;medium&#8217; align=&#8217;center&#8217; styling=&#8221; hover=&#8221; link=&#8221; target=&#8221; caption=&#8221; font_size=&#8221; appearance=&#8221; overlay_opacity=&#8217;0.4&#8242; overlay_color=&#8217;#000000&#8242; overlay_text_color=&#8217;#ffffff&#8217; copyright=&#8221; animation=&#8217;no-animation&#8217; av_uid=&#8217;av-k8polb1a&#8217; id=&#8221; custom_class=&#8221; admin_preview_bg=&#8221;][\/av_image]<\/p>\n<p>[\/av_one_fourth]<\/p>\n","protected":false},"excerpt":{"rendered":"<p>[av_three_fourth first min_height=&#8221; vertical_alignment=&#8221; space=&#8221; custom_margin=&#8221; margin=&#8217;0px&#8217; row_boxshadow=&#8221; row_boxshadow_color=&#8221; row_boxshadow_width=&#8217;10&#8217; link=&#8221; linktarget=&#8221; link_hover=&#8221; title_attr=&#8221; alt_attr=&#8221; padding=&#8217;0px&#8217; highlight=&#8221; highlight_size=&#8221; border=&#8221; border_color=&#8221; radius=&#8217;0px&#8217; column_boxshadow=&#8221; column_boxshadow_color=&#8221; column_boxshadow_width=&#8217;10&#8217; background=&#8217;bg_color&#8217; background_color=&#8221; background_gradient_color1=&#8221; background_gradient_color2=&#8221; background_gradient_direction=&#8217;vertical&#8217; src=&#8221; background_position=&#8217;top left&#8217; background_repeat=&#8217;no-repeat&#8217; animation=&#8221; mobile_breaking=&#8221; mobile_display=&#8221; av_uid=&#8221;] [av_textblock size=&#8221; font_color=&#8221; color=&#8221; av-medium-font-size=&#8221; av-small-font-size=&#8221; av-mini-font-size=&#8221; av_uid=&#8217;av-k8polmwi&#8217; id=&#8221; custom_class=&#8221; admin_preview_bg=&#8221;] Garanti Som medlem af TEKNIQ giver vi [&hellip;]<\/p>\n","protected":false},"author":1,"featured_media":0,"parent":0,"menu_order":0,"comment_status":"closed","ping_status":"closed","template":"","meta":{"inline_featured_image":false,"footnotes":""},"class_list":["post-3801","page","type-page","status-publish","hentry"],"_links":{"self":[{"href":"https:\/\/olgod-el.dk\/index.php\/wp-json\/wp\/v2\/pages\/3801","targetHints":{"allow":["GET"]}}],"collection":[{"href":"https:\/\/olgod-el.dk\/index.php\/wp-json\/wp\/v2\/pages"}],"about":[{"href":"https:\/\/olgod-el.dk\/index.php\/wp-json\/wp\/v2\/types\/page"}],"author":[{"embeddable":true,"href":"https:\/\/olgod-el.dk\/index.php\/wp-json\/wp\/v2\/users\/1"}],"replies":[{"embeddable":true,"href":"https:\/\/olgod-el.dk\/index.php\/wp-json\/wp\/v2\/comments?post=3801"}],"version-history":[{"count":0,"href":"https:\/\/olgod-el.dk\/index.php\/wp-json\/wp\/v2\/pages\/3801\/revisions"}],"wp:attachment":[{"href":"https:\/\/olgod-el.dk\/index.php\/wp-json\/wp\/v2\/media?parent=3801"}],"curies":[{"name":"wp","href":"https:\/\/api.w.org\/{rel}","templated":true}]}}