{"id":4410,"date":"2022-11-25T11:31:57","date_gmt":"2022-11-25T10:31:57","guid":{"rendered":"https:\/\/olgod-el.dk\/?page_id=4410"},"modified":"2022-11-25T11:31:57","modified_gmt":"2022-11-25T10:31:57","slug":"intelligent-doerlaas","status":"publish","type":"page","link":"https:\/\/olgod-el.dk\/index.php\/intelligent-doerlaas\/","title":{"rendered":"Intelligent d\u00f8rl\u00e5s"},"content":{"rendered":"<p>[av_slideshow_full size=&#8217;featured&#8217; min_height=&#8217;0px&#8217; stretch=&#8221; animation=&#8217;slide&#8217; conditional_play=&#8221; autoplay=&#8217;false&#8217; interval=&#8217;5&#8242; control_layout=&#8217;av-control-default&#8217; src=&#8221; attachment=&#8221; attachment_size=&#8221; position=&#8217;top left&#8217; repeat=&#8217;no-repeat&#8217; attach=&#8217;scroll&#8217; av_uid=&#8217;av-k8iq93yq&#8217; id=&#8221; custom_class=&#8221;]<br \/>\n[av_slide_full slide_type=&#8217;image&#8217; id=&#8217;4411&#8242; video=&#8217;http:\/\/&#8217; mobile_image=&#8221; fallback_link=&#8217;http:\/\/&#8217; video_format=&#8221; video_ratio=&#8217;16:9&#8242; title=&#8217;Intelligent d\u00f8rl\u00e5s&#8217; heading_tag=&#8221; heading_class=&#8221; custom_title_size=&#8217;50&#8217; custom_content_size=&#8221; caption_pos=&#8217;caption_left&#8217; link_apply=&#8221; link=&#8217;lightbox&#8217; link_target=&#8221; button_label=&#8217;Click me&#8217; button_color=&#8217;light&#8217; link1=&#8217;manually,http:\/\/&#8217; link_target1=&#8221; button_label2=&#8217;Click me&#8217; button_color2=&#8217;light&#8217; link2=&#8217;manually,http:\/\/&#8217; link_target2=&#8221; font_color=&#8217;custom&#8217; custom_title=&#8217;#ffffff&#8217; custom_content=&#8221; overlay_opacity=&#8217;0.5&#8242; overlay_color=&#8221; overlay_pattern=&#8221; overlay_custom_pattern=&#8221; av-medium-font-size-title=&#8221; av-small-font-size-title=&#8221; av-mini-font-size-title=&#8221; av-medium-font-size=&#8221; av-small-font-size=&#8221; av-mini-font-size=&#8221; av_uid=&#8217;av-srqm7u&#8217;]<br \/>\nKan l\u00e5ses op med \u2026<br \/>\nFINGERAFTRYK, BRIK, KODE, BLUETOOTH, APP, Gateway via WEB eller mekanisk n\u00f8gle<\/p>\n<p>[\/av_slide_full]<br \/>\n[\/av_slideshow_full]<\/p>\n<p>[av_hr class=&#8217;invisible&#8217; height=&#8217;50&#8217; shadow=&#8217;no-shadow&#8217; position=&#8217;center&#8217; custom_border=&#8217;av-border-thin&#8217; custom_width=&#8217;50px&#8217; custom_border_color=&#8221; custom_margin_top=&#8217;30px&#8217; custom_margin_bottom=&#8217;30px&#8217; icon_select=&#8217;yes&#8217; custom_icon_color=&#8221; icon=&#8217;ue808&#8242; font=&#8217;entypo-fontello&#8217; av_uid=&#8217;av-lawcfh3r&#8217; id=&#8221; custom_class=&#8221; admin_preview_bg=&#8221;]<\/p>\n<p>[av_one_full first min_height=&#8221; vertical_alignment=&#8221; space=&#8221; custom_margin=&#8221; margin=&#8217;0px&#8217; row_boxshadow=&#8221; row_boxshadow_color=&#8221; row_boxshadow_width=&#8217;10&#8217; link=&#8221; linktarget=&#8221; link_hover=&#8221; title_attr=&#8221; alt_attr=&#8221; padding=&#8217;0px&#8217; highlight=&#8221; highlight_size=&#8221; border=&#8221; border_color=&#8221; radius=&#8217;0px&#8217; column_boxshadow=&#8221; column_boxshadow_color=&#8221; column_boxshadow_width=&#8217;10&#8217; background=&#8217;bg_color&#8217; background_color=&#8221; background_gradient_color1=&#8221; background_gradient_color2=&#8221; background_gradient_direction=&#8217;vertical&#8217; src=&#8221; background_position=&#8217;top left&#8217; background_repeat=&#8217;no-repeat&#8217; animation=&#8221; mobile_breaking=&#8221; mobile_display=&#8221; av_uid=&#8217;av-mlh22v&#8217;]<br \/>\n[av_textblock size=&#8221; font_color=&#8221; color=&#8221; av-medium-font-size=&#8221; av-small-font-size=&#8221; av-mini-font-size=&#8221; av_uid=&#8217;av-k8iqbb0w&#8217; id=&#8221; custom_class=&#8221; admin_preview_bg=&#8221;]<\/p>\n<h2 style=\"text-align: center;\">SmartL\u00e5s &#8211; AVDAN e-Lock<\/h2>\n<h4 style=\"text-align: center;\">Kan l\u00e5ses op med fingeraftryk, brik, kode, bluetooth, app, Gateway via WEB eller mekanisk n\u00f8gle.<\/h4>\n<p>[\/av_textblock]<\/p>\n<p>[av_hr class=&#8217;default&#8217; height=&#8217;50&#8217; shadow=&#8217;no-shadow&#8217; position=&#8217;center&#8217; custom_border=&#8217;av-border-thin&#8217; custom_width=&#8217;50px&#8217; custom_border_color=&#8221; custom_margin_top=&#8217;30px&#8217; custom_margin_bottom=&#8217;30px&#8217; icon_select=&#8217;yes&#8217; custom_icon_color=&#8221; icon=&#8217;ue808&#8242; av-desktop-hide=&#8221; av-medium-hide=&#8221; av-small-hide=&#8221; av-mini-hide=&#8221; av_uid=&#8217;av-rjqgwa&#8217;]<\/p>\n<p>[av_textblock size=&#8221; font_color=&#8221; color=&#8221; av-medium-font-size=&#8221; av-small-font-size=&#8221; av-mini-font-size=&#8221; av_uid=&#8217;av-k8iqbb0w&#8217; id=&#8221; custom_class=&#8221; admin_preview_bg=&#8221;]<br \/>\nHer er l\u00e5sen til dig, som smider n\u00f8gler v\u00e6k, har et hotel, sommerhus, AirBnB, udlejningsejendom, pakkeaflevering &#8211; eller unger, der kommer hjem til en l\u00e5st d\u00f8r. Den intelligente d\u00f8rl\u00e5s er til dig, der har brug for en l\u00f8sning, som fungerer uden brug af den gamle velkendte fysiske n\u00f8gle.<\/p>\n<p>Med denne intelligente d\u00f8rl\u00e5s, der ogs\u00e5 kan holde til det nordisk klima, sender du en kode ud til l\u00e5sen, som enten kun g\u00e6lder en gang, i et bestemt tidsrum eller altid. L\u00e5sen kan ogs\u00e5 fjern\u00e5bnes (kr\u00e6ver gateway).<br \/>\n[\/av_textblock]<br \/>\n[\/av_one_full]<\/p>\n<p>[av_one_half first min_height=&#8221; vertical_alignment=&#8221; space=&#8221; custom_margin=&#8221; margin=&#8217;0px&#8217; row_boxshadow=&#8221; row_boxshadow_color=&#8221; row_boxshadow_width=&#8217;10&#8217; link=&#8221; linktarget=&#8221; link_hover=&#8221; title_attr=&#8221; alt_attr=&#8221; padding=&#8217;0px&#8217; highlight=&#8221; highlight_size=&#8221; border=&#8221; border_color=&#8221; radius=&#8217;0px&#8217; column_boxshadow=&#8221; column_boxshadow_color=&#8221; column_boxshadow_width=&#8217;10&#8217; background=&#8217;bg_color&#8217; background_color=&#8221; background_gradient_color1=&#8221; background_gradient_color2=&#8221; background_gradient_direction=&#8217;vertical&#8217; src=&#8221; background_position=&#8217;top left&#8217; background_repeat=&#8217;no-repeat&#8217; animation=&#8221; mobile_breaking=&#8221; mobile_display=&#8221; av_uid=&#8217;av-aptton&#8217;]<br \/>\n[av_image src=&#8217;https:\/\/olgod-el.dk\/wp-content\/uploads\/2022\/11\/intelligent-doerlaas-2.jpg&#8217; attachment=&#8217;4418&#8242; attachment_size=&#8217;full&#8217; align=&#8217;center&#8217; styling=&#8221; hover=&#8221; link=&#8221; target=&#8221; caption=&#8221; font_size=&#8221; appearance=&#8221; overlay_opacity=&#8217;0.4&#8242; overlay_color=&#8217;#000000&#8242; overlay_text_color=&#8217;#ffffff&#8217; copyright=&#8221; animation=&#8217;no-animation&#8217; av_uid=&#8217;av-lawch68r&#8217; id=&#8221; custom_class=&#8221; admin_preview_bg=&#8221;][\/av_image]<br \/>\n[\/av_one_half]<\/p>\n<p>[av_one_half min_height=&#8221; vertical_alignment=&#8221; space=&#8221; custom_margin=&#8221; margin=&#8217;0px&#8217; row_boxshadow=&#8221; row_boxshadow_color=&#8221; row_boxshadow_width=&#8217;10&#8217; link=&#8221; linktarget=&#8221; link_hover=&#8221; title_attr=&#8221; alt_attr=&#8221; padding=&#8217;0px&#8217; highlight=&#8221; highlight_size=&#8221; border=&#8221; border_color=&#8221; radius=&#8217;0px&#8217; column_boxshadow=&#8221; column_boxshadow_color=&#8221; column_boxshadow_width=&#8217;10&#8217; background=&#8217;bg_color&#8217; background_color=&#8221; background_gradient_color1=&#8221; background_gradient_color2=&#8221; background_gradient_direction=&#8217;vertical&#8217; src=&#8221; background_position=&#8217;top left&#8217; background_repeat=&#8217;no-repeat&#8217; animation=&#8221; mobile_breaking=&#8221; mobile_display=&#8221; av_uid=&#8217;av-aptton&#8217;]<br \/>\n[av_image src=&#8217;https:\/\/olgod-el.dk\/wp-content\/uploads\/2022\/11\/intelligent-doerlaas-1.jpg&#8217; attachment=&#8217;4417&#8242; attachment_size=&#8217;full&#8217; align=&#8217;center&#8217; styling=&#8221; hover=&#8221; link=&#8221; target=&#8221; caption=&#8221; font_size=&#8221; appearance=&#8221; overlay_opacity=&#8217;0.4&#8242; overlay_color=&#8217;#000000&#8242; overlay_text_color=&#8217;#ffffff&#8217; copyright=&#8221; animation=&#8217;no-animation&#8217; av_uid=&#8217;av-lawch68r&#8217; id=&#8221; custom_class=&#8221; admin_preview_bg=&#8221;][\/av_image]<br \/>\n[\/av_one_half]<\/p>\n<p>[av_one_half first min_height=&#8221; vertical_alignment=&#8221; space=&#8221; custom_margin=&#8221; margin=&#8217;0px&#8217; row_boxshadow=&#8221; row_boxshadow_color=&#8221; row_boxshadow_width=&#8217;10&#8217; link=&#8221; linktarget=&#8221; link_hover=&#8221; title_attr=&#8221; alt_attr=&#8221; padding=&#8217;0px&#8217; highlight=&#8221; highlight_size=&#8221; border=&#8221; border_color=&#8221; radius=&#8217;0px&#8217; column_boxshadow=&#8221; column_boxshadow_color=&#8221; column_boxshadow_width=&#8217;10&#8217; background=&#8217;bg_color&#8217; background_color=&#8221; background_gradient_color1=&#8221; background_gradient_color2=&#8221; background_gradient_direction=&#8217;vertical&#8217; src=&#8221; background_position=&#8217;top left&#8217; background_repeat=&#8217;no-repeat&#8217; animation=&#8221; mobile_breaking=&#8221; mobile_display=&#8221; av_uid=&#8217;av-l53jzr&#8217;]<br \/>\n[av_iconlist position=&#8217;left&#8217; iconlist_styling=&#8221; animation=&#8221; custom_title_size=&#8221; custom_content_size=&#8221; font_color=&#8221; custom_title=&#8221; custom_content=&#8221; color=&#8217;custom&#8217; custom_bg=&#8217;#271f4b&#8217; custom_font=&#8221; custom_border=&#8221; av-medium-font-size-title=&#8221; av-small-font-size-title=&#8221; av-mini-font-size-title=&#8221; av-medium-font-size=&#8221; av-small-font-size=&#8221; av-mini-font-size=&#8221; av_uid=&#8217;av-k8iqcq2a&#8217; alb_description=&#8221; id=&#8221; custom_class=&#8221; admin_preview_bg=&#8221;]<br \/>\n[av_iconlist_item title=&#8217;M\u00e5l i mm &#8216; heading_tag=&#8221; heading_class=&#8221; link=&#8221; linktarget=&#8221; linkelement=&#8221; icon=&#8217;ue812&#8242; font=&#8217;entypo-fontello&#8217; av_uid=&#8217;av-pxjk8a&#8217;]<br \/>\nL:280 x B:38 x D:28.<br \/>\n[\/av_iconlist_item]<br \/>\n[av_iconlist_item title=&#8217;D\u00f8rtykkelse&#8217; heading_tag=&#8221; heading_class=&#8221; link=&#8221; linktarget=&#8221; linkelement=&#8221; icon=&#8217;ue812&#8242; font=&#8217;entypo-fontello&#8217; av_uid=&#8217;av-oo9byi&#8217;]<br \/>\n30 &#8211; 86mm<br \/>\n[\/av_iconlist_item]<br \/>\n[av_iconlist_item title=&#8217;IP t\u00e6thedsklasse &#8216; heading_tag=&#8221; heading_class=&#8221; link=&#8221; linktarget=&#8221; linkelement=&#8221; icon=&#8217;ue812&#8242; font=&#8217;entypo-fontello&#8217; av_uid=&#8217;av-2ak256&#8242;]<br \/>\nIP66<br \/>\n[\/av_iconlist_item]<br \/>\n[av_iconlist_item title=&#8217;Luftfugtighed&#8217; heading_tag=&#8221; heading_class=&#8221; link=&#8221; linktarget=&#8221; linkelement=&#8221; icon=&#8217;ue812&#8242; font=&#8217;entypo-fontello&#8217; av_uid=&#8217;av-lei07u&#8217;]<br \/>\n20%-90%<br \/>\n[\/av_iconlist_item]<br \/>\n[av_iconlist_item title=&#8217;Driftstemperatur &#8216; heading_tag=&#8221; heading_class=&#8221; link=&#8221; linktarget=&#8221; linkelement=&#8221; icon=&#8217;ue812&#8242; font=&#8217;entypo-fontello&#8217; av_uid=&#8217;av-it1doa&#8217;]<br \/>\n-30-+70 C<br \/>\n[\/av_iconlist_item]<br \/>\n[av_iconlist_item title=&#8217;Materiale &#8216; heading_tag=&#8221; heading_class=&#8221; link=&#8221; linktarget=&#8221; linkelement=&#8221; icon=&#8217;ue812&#8242; font=&#8217;entypo-fontello&#8217; av_uid=&#8217;av-1pg116&#8242;]<br \/>\nRustfrit St\u00e5l 3mm SUS304 (F\u00e5s ogs\u00e5 i Sort, Gr\u00e5 og Guld)<br \/>\n[\/av_iconlist_item]<br \/>\n[av_iconlist_item title=&#8217;V\u00e6gt &#8216; heading_tag=&#8221; heading_class=&#8221; link=&#8221; linktarget=&#8221; linkelement=&#8221; icon=&#8217;ue812&#8242; font=&#8217;entypo-fontello&#8217; av_uid=&#8217;av-gjbf6i&#8217;]<br \/>\n2 kg<br \/>\n[\/av_iconlist_item]<br \/>\n[av_iconlist_item title=&#8217;Garanti &#8216; heading_tag=&#8221; heading_class=&#8221; link=&#8221; linktarget=&#8221; linkelement=&#8221; icon=&#8217;ue812&#8242; font=&#8217;entypo-fontello&#8217; av_uid=&#8217;av-ebyroa&#8217;]<br \/>\n2 \u00e5r<br \/>\n[\/av_iconlist_item]<br \/>\n[\/av_iconlist]<br \/>\n[\/av_one_half]<\/p>\n<p>[av_one_half min_height=&#8221; vertical_alignment=&#8221; space=&#8221; custom_margin=&#8221; margin=&#8217;0px&#8217; row_boxshadow=&#8221; row_boxshadow_color=&#8221; row_boxshadow_width=&#8217;10&#8217; link=&#8221; linktarget=&#8221; link_hover=&#8221; title_attr=&#8221; alt_attr=&#8221; padding=&#8217;0px&#8217; highlight=&#8221; highlight_size=&#8221; border=&#8221; border_color=&#8221; radius=&#8217;0px&#8217; column_boxshadow=&#8221; column_boxshadow_color=&#8221; column_boxshadow_width=&#8217;10&#8217; background=&#8217;bg_color&#8217; background_color=&#8221; background_gradient_color1=&#8221; background_gradient_color2=&#8221; background_gradient_direction=&#8217;vertical&#8217; src=&#8221; background_position=&#8217;top left&#8217; background_repeat=&#8217;no-repeat&#8217; animation=&#8221; mobile_breaking=&#8221; mobile_display=&#8221; av_uid=&#8217;av-aptton&#8217;]<br \/>\n[av_iconlist position=&#8217;left&#8217; iconlist_styling=&#8221; animation=&#8221; custom_title_size=&#8221; custom_content_size=&#8221; font_color=&#8221; custom_title=&#8221; custom_content=&#8221; color=&#8217;custom&#8217; custom_bg=&#8217;#271f4b&#8217; custom_font=&#8221; custom_border=&#8221; av-medium-font-size-title=&#8221; av-small-font-size-title=&#8221; av-mini-font-size-title=&#8221; av-medium-font-size=&#8221; av-small-font-size=&#8221; av-mini-font-size=&#8221; av_uid=&#8217;av-k8iqcq2a&#8217; alb_description=&#8221; id=&#8221; custom_class=&#8221; admin_preview_bg=&#8221;]<br \/>\n[av_iconlist_item title=&#8217;L\u00e5sekasse yderd\u00f8r, Dormakaba1418, ASSA510&#8242; heading_tag=&#8221; heading_class=&#8221; link=&#8221; linktarget=&#8221; linkelement=&#8221; icon=&#8217;ue812&#8242; font=&#8217;entypo-fontello&#8217; av_uid=&#8217;av-c8156i&#8217;][\/av_iconlist_item]<br \/>\n[av_iconlist_item title=&#8217;Vendbart h\u00e5ndtag&#8217; heading_tag=&#8221; heading_class=&#8221; link=&#8221; linktarget=&#8221; linkelement=&#8221; icon=&#8217;ue812&#8242; font=&#8217;entypo-fontello&#8217; av_uid=&#8217;av-13apbu&#8217;][\/av_iconlist_item]<br \/>\n[av_iconlist_item title=&#8217;F\u00e5s til \u201dDr\u00e5be eller Oval cylinder\u201d&#8217; heading_tag=&#8221; heading_class=&#8221; link=&#8221; linktarget=&#8221; linkelement=&#8221; icon=&#8217;ue812&#8242; font=&#8217;entypo-fontello&#8217; av_uid=&#8217;av-9wr12y&#8217;][\/av_iconlist_item]<br \/>\n[av_iconlist_item title=&#8217;Batteri 6V Litium Longlife&#8217; heading_tag=&#8221; heading_class=&#8221; link=&#8221; linktarget=&#8221; linkelement=&#8221; icon=&#8217;ue812&#8242; font=&#8217;entypo-fontello&#8217; av_uid=&#8217;av-718e4q&#8217;][\/av_iconlist_item]<br \/>\n[av_iconlist_item title=&#8217;Advarsel ved lavt batteri under 4.5V&#8217; heading_tag=&#8221; heading_class=&#8221; link=&#8221; linktarget=&#8221; linkelement=&#8221; icon=&#8217;ue812&#8242; font=&#8217;entypo-fontello&#8217; av_uid=&#8217;av-5s7dne&#8217;][\/av_iconlist_item]<br \/>\n[av_iconlist_item title=&#8217;Kort\/brik type RFID Mifare 13,56MHz&#8217; heading_tag=&#8221; heading_class=&#8221; link=&#8221; linktarget=&#8221; linkelement=&#8221; icon=&#8217;ue812&#8242; font=&#8217;entypo-fontello&#8217; av_uid=&#8217;av-4te5wq&#8217;][\/av_iconlist_item]<br \/>\n[av_iconlist_item title=&#8217;Hukommelse 200 Fingerprint, 200 Kort\/brikker, 150 koder&#8217; heading_tag=&#8221; heading_class=&#8221; link=&#8221; linktarget=&#8221; linkelement=&#8221; icon=&#8217;ue812&#8242; font=&#8217;entypo-fontello&#8217; av_uid=&#8217;av-2cd7tm&#8217;][\/av_iconlist_item]<br \/>\n[\/av_iconlist]<\/p>\n<p>[av_image src=&#8217;https:\/\/olgod-el.dk\/wp-content\/uploads\/2022\/11\/intelligent-doerlaas-3.png&#8217; attachment=&#8217;4419&#8242; attachment_size=&#8217;full&#8217; align=&#8217;center&#8217; styling=&#8221; hover=&#8221; link=&#8221; target=&#8221; caption=&#8221; font_size=&#8221; appearance=&#8221; overlay_opacity=&#8217;0.4&#8242; overlay_color=&#8217;#000000&#8242; overlay_text_color=&#8217;#ffffff&#8217; copyright=&#8221; animation=&#8217;no-animation&#8217; av_uid=&#8217;av-lawch68r&#8217; id=&#8221; custom_class=&#8221; admin_preview_bg=&#8221;][\/av_image]<br \/>\n[\/av_one_half]<\/p>\n<p>[av_hr class=&#8217;default&#8217; height=&#8217;50&#8217; shadow=&#8217;no-shadow&#8217; position=&#8217;center&#8217; custom_border=&#8217;av-border-thin&#8217; custom_width=&#8217;50px&#8217; custom_border_color=&#8221; custom_margin_top=&#8217;30px&#8217; custom_margin_bottom=&#8217;30px&#8217; icon_select=&#8217;yes&#8217; custom_icon_color=&#8221; icon=&#8217;ue808&#8242; av-desktop-hide=&#8221; av-medium-hide=&#8221; av-small-hide=&#8221; av-mini-hide=&#8221; av_uid=&#8217;av-44jijb&#8217;]<\/p>\n<p>[av_one_full first min_height=&#8221; vertical_alignment=&#8221; space=&#8221; custom_margin=&#8221; margin=&#8217;0px&#8217; row_boxshadow=&#8221; row_boxshadow_color=&#8221; row_boxshadow_width=&#8217;10&#8217; link=&#8221; linktarget=&#8221; link_hover=&#8221; title_attr=&#8221; alt_attr=&#8221; padding=&#8217;0px&#8217; highlight=&#8221; highlight_size=&#8221; border=&#8221; border_color=&#8221; radius=&#8217;0px&#8217; column_boxshadow=&#8221; column_boxshadow_color=&#8221; column_boxshadow_width=&#8217;10&#8217; background=&#8217;bg_color&#8217; background_color=&#8221; background_gradient_color1=&#8221; background_gradient_color2=&#8221; background_gradient_direction=&#8217;vertical&#8217; src=&#8221; background_position=&#8217;top left&#8217; background_repeat=&#8217;no-repeat&#8217; animation=&#8221; mobile_breaking=&#8221; mobile_display=&#8221; av_uid=&#8217;av-2tbetz&#8217;]<br \/>\n[av_textblock size=&#8221; font_color=&#8221; color=&#8221; av-medium-font-size=&#8221; av-small-font-size=&#8221; av-mini-font-size=&#8221; av_uid=&#8217;av-k8iqj0ts&#8217; id=&#8221; custom_class=&#8221; admin_preview_bg=&#8221;]<br \/>\nMed en intelligent d\u00f8rl\u00e5s kan d\u00f8ren altid \u00e5bnes fra indersiden, og n\u00f8d\u00e5bning kan foretages med med mekanisk n\u00f8gle eller via USB Mini Kabel og en Powerbank\/Kode.<\/p>\n<p>L\u00f8sningen er kompatibel med Android, Apple\/Apple Watch, Google Home Assistant og Amazon Alexa.<br \/>\n[\/av_textblock]<\/p>\n<p>[av_hr class=&#8217;default&#8217; height=&#8217;50&#8217; shadow=&#8217;no-shadow&#8217; position=&#8217;center&#8217; custom_border=&#8217;av-border-thin&#8217; custom_width=&#8217;50px&#8217; custom_border_color=&#8221; custom_margin_top=&#8217;30px&#8217; custom_margin_bottom=&#8217;30px&#8217; icon_select=&#8217;yes&#8217; custom_icon_color=&#8221; icon=&#8217;ue808&#8242; av-desktop-hide=&#8221; av-medium-hide=&#8221; av-small-hide=&#8221; av-mini-hide=&#8221; av_uid=&#8217;av-22nu2v&#8217;]<br \/>\n[\/av_one_full]<\/p>\n<p>[av_one_half first min_height=&#8221; vertical_alignment=&#8221; space=&#8221; custom_margin=&#8221; margin=&#8217;0px&#8217; row_boxshadow=&#8221; row_boxshadow_color=&#8221; row_boxshadow_width=&#8217;10&#8217; link=&#8221; linktarget=&#8221; link_hover=&#8221; title_attr=&#8221; alt_attr=&#8221; padding=&#8217;0px&#8217; highlight=&#8221; highlight_size=&#8221; border=&#8221; border_color=&#8221; radius=&#8217;0px&#8217; column_boxshadow=&#8221; column_boxshadow_color=&#8221; column_boxshadow_width=&#8217;10&#8217; background=&#8217;bg_color&#8217; background_color=&#8221; background_gradient_color1=&#8221; background_gradient_color2=&#8221; background_gradient_direction=&#8217;vertical&#8217; src=&#8221; background_position=&#8217;top left&#8217; background_repeat=&#8217;no-repeat&#8217; animation=&#8221; mobile_breaking=&#8221; mobile_display=&#8221; av_uid=&#8217;av-2tbetz&#8217;]<\/p>\n<p>[av_icon_box position=&#8217;top&#8217; icon_style=&#8221; boxed=&#8221; icon=&#8217;ue81f&#8217; font=&#8217;entypo-fontello&#8217; title=&#8217;Pris &#8211; med montage &#8211; efter aftale&#8217; heading_tag=&#8221; heading_class=&#8221; link=&#8221; linktarget=&#8221; linkelement=&#8221; font_color=&#8221; custom_title=&#8221; custom_content=&#8221; color=&#8221; custom_bg=&#8221; custom_font=&#8221; custom_border=&#8221; av-medium-font-size-title=&#8221; av-small-font-size-title=&#8221; av-mini-font-size-title=&#8221; av-medium-font-size=&#8221; av-small-font-size=&#8221; av-mini-font-size=&#8221; av_uid=&#8217;av-lawcol7m&#8217; id=&#8221; custom_class=&#8221; admin_preview_bg=&#8221;]<br \/>\n<strong>Kr.\u00a0 4.999.-\u00a0 inkl. moms<\/strong><br \/>\n[\/av_icon_box]<\/p>\n<p>[\/av_one_half][av_one_half min_height=&#8221; vertical_alignment=&#8221; space=&#8221; custom_margin=&#8221; margin=&#8217;0px&#8217; row_boxshadow=&#8221; row_boxshadow_color=&#8221; row_boxshadow_width=&#8217;10&#8217; link=&#8221; linktarget=&#8221; link_hover=&#8221; title_attr=&#8221; alt_attr=&#8221; padding=&#8217;0px&#8217; highlight=&#8221; highlight_size=&#8221; border=&#8221; border_color=&#8221; radius=&#8217;0px&#8217; column_boxshadow=&#8221; column_boxshadow_color=&#8221; column_boxshadow_width=&#8217;10&#8217; background=&#8217;bg_color&#8217; background_color=&#8221; background_gradient_color1=&#8221; background_gradient_color2=&#8221; background_gradient_direction=&#8217;vertical&#8217; src=&#8221; background_position=&#8217;top left&#8217; background_repeat=&#8217;no-repeat&#8217; animation=&#8221; mobile_breaking=&#8221; mobile_display=&#8221; av_uid=&#8217;av-2tbetz&#8217;]<\/p>\n<p>[av_icon_box position=&#8217;top&#8217; icon_style=&#8221; boxed=&#8221; icon=&#8217;ue81f&#8217; font=&#8217;entypo-fontello&#8217; title=&#8217;Pris &#8211; uden montage &#8211; afhentet&#8217; heading_tag=&#8221; heading_class=&#8221; link=&#8221; linktarget=&#8221; linkelement=&#8221; font_color=&#8221; custom_title=&#8221; custom_content=&#8221; color=&#8221; custom_bg=&#8221; custom_font=&#8221; custom_border=&#8221; av-medium-font-size-title=&#8221; av-small-font-size-title=&#8221; av-mini-font-size-title=&#8221; av-medium-font-size=&#8221; av-small-font-size=&#8221; av-mini-font-size=&#8221; av_uid=&#8217;av-lawcol7m&#8217; id=&#8221; custom_class=&#8221; admin_preview_bg=&#8221;]<br \/>\n<strong>Kr.\u00a0 3.700.- inkl. moms<\/strong><br \/>\n[\/av_icon_box]<\/p>\n<p>[\/av_one_half][av_section min_height=&#8221; min_height_pc=&#8217;25&#8217; min_height_px=&#8217;500px&#8217; padding=&#8217;default&#8217; shadow=&#8217;no-border-styling&#8217; bottom_border=&#8217;no-border-styling&#8217; bottom_border_diagonal_color=&#8217;#333333&#8242; bottom_border_diagonal_direction=&#8217;scroll&#8217; bottom_border_style=&#8217;scroll&#8217; margin=&#8221; custom_margin=&#8217;0px&#8217; scroll_down=&#8221; custom_arrow_bg=&#8221; color=&#8217;main_color&#8217; background=&#8217;bg_color&#8217; custom_bg=&#8221; background_gradient_color1=&#8221; background_gradient_color2=&#8221; background_gradient_direction=&#8217;vertical&#8217; src=&#8221; attach=&#8217;scroll&#8217; position=&#8217;top left&#8217; repeat=&#8217;no-repeat&#8217; video=&#8221; video_ratio=&#8217;16:9&#8242; video_mobile_disabled=&#8221; overlay_enable=&#8221; overlay_opacity=&#8217;0.5&#8242; overlay_color=&#8221; overlay_pattern=&#8221; overlay_custom_pattern=&#8221; av-desktop-hide=&#8221; av-medium-hide=&#8221; av-small-hide=&#8221; av-mini-hide=&#8221; av_element_hidden_in_editor=&#8217;0&#8242; av_uid=&#8217;av-3lxhxn&#8217;]<br \/>\n[av_font_icon icon=&#8217;ue864&#8242; font=&#8217;entypo-fontello&#8217; style=&#8221; caption=&#8221; link=&#8221; linktarget=&#8221; size=&#8217;40px&#8217; position=&#8217;center&#8217; animation=&#8221; color=&#8217;#a20029&#8242; av_uid=&#8217;av-k7ajs4u6&#8242; id=&#8221; custom_class=&#8221; admin_preview_bg=&#8221;][\/av_font_icon]<\/p>\n<p>[av_heading heading=&#8217;Skal vi ogs\u00e5 hj\u00e6lpe dig?&#8217; tag=&#8217;h2&#8242; link_apply=&#8221; link=&#8217;manually,http:\/\/&#8217; link_target=&#8221; style=&#8221; size=&#8221; subheading_active=&#8221; subheading_size=&#8217;15&#8217; margin=&#8221; padding=&#8217;10&#8217; color=&#8221; custom_font=&#8221; custom_class=&#8221; id=&#8221; admin_preview_bg=&#8221; av-desktop-hide=&#8221; av-medium-hide=&#8221; av-small-hide=&#8221; av-mini-hide=&#8221; av-medium-font-size-title=&#8221; av-small-font-size-title=&#8221; av-mini-font-size-title=&#8221; av-medium-font-size=&#8221; av-small-font-size=&#8221; av-mini-font-size=&#8221; av_uid=&#8217;av-1wjhzb&#8217;][\/av_heading]<\/p>\n<p>[av_textblock size=&#8221; font_color=&#8221; color=&#8221; av-medium-font-size=&#8221; av-small-font-size=&#8221; av-mini-font-size=&#8221; av_uid=&#8217;av-l0td7nag&#8217; id=&#8221; custom_class=&#8221; admin_preview_bg=&#8221;]<br \/>\n<p class=\"wpcf7-contact-form-not-found\"><strong>Fejl:<\/strong> Kontaktformular ikke fundet.<\/p><br \/>\n[\/av_textblock]<br \/>\n[\/av_section]<\/p>\n","protected":false},"excerpt":{"rendered":"<p>[av_slideshow_full size=&#8217;featured&#8217; min_height=&#8217;0px&#8217; stretch=&#8221; animation=&#8217;slide&#8217; conditional_play=&#8221; autoplay=&#8217;false&#8217; interval=&#8217;5&#8242; control_layout=&#8217;av-control-default&#8217; src=&#8221; attachment=&#8221; attachment_size=&#8221; position=&#8217;top left&#8217; repeat=&#8217;no-repeat&#8217; attach=&#8217;scroll&#8217; av_uid=&#8217;av-k8iq93yq&#8217; id=&#8221; custom_class=&#8221;] [av_slide_full slide_type=&#8217;image&#8217; id=&#8217;4411&#8242; video=&#8217;http:\/\/&#8217; mobile_image=&#8221; fallback_link=&#8217;http:\/\/&#8217; video_format=&#8221; video_ratio=&#8217;16:9&#8242; title=&#8217;Intelligent d\u00f8rl\u00e5s&#8217; heading_tag=&#8221; heading_class=&#8221; custom_title_size=&#8217;50&#8217; custom_content_size=&#8221; caption_pos=&#8217;caption_left&#8217; link_apply=&#8221; link=&#8217;lightbox&#8217; link_target=&#8221; button_label=&#8217;Click me&#8217; button_color=&#8217;light&#8217; link1=&#8217;manually,http:\/\/&#8217; link_target1=&#8221; button_label2=&#8217;Click me&#8217; button_color2=&#8217;light&#8217; link2=&#8217;manually,http:\/\/&#8217; link_target2=&#8221; font_color=&#8217;custom&#8217; custom_title=&#8217;#ffffff&#8217; custom_content=&#8221; overlay_opacity=&#8217;0.5&#8242; overlay_color=&#8221; overlay_pattern=&#8221; overlay_custom_pattern=&#8221; av-medium-font-size-title=&#8221; [&hellip;]<\/p>\n","protected":false},"author":1,"featured_media":0,"parent":0,"menu_order":0,"comment_status":"closed","ping_status":"closed","template":"","meta":{"inline_featured_image":false,"footnotes":""},"class_list":["post-4410","page","type-page","status-publish","hentry"],"_links":{"self":[{"href":"https:\/\/olgod-el.dk\/index.php\/wp-json\/wp\/v2\/pages\/4410","targetHints":{"allow":["GET"]}}],"collection":[{"href":"https:\/\/olgod-el.dk\/index.php\/wp-json\/wp\/v2\/pages"}],"about":[{"href":"https:\/\/olgod-el.dk\/index.php\/wp-json\/wp\/v2\/types\/page"}],"author":[{"embeddable":true,"href":"https:\/\/olgod-el.dk\/index.php\/wp-json\/wp\/v2\/users\/1"}],"replies":[{"embeddable":true,"href":"https:\/\/olgod-el.dk\/index.php\/wp-json\/wp\/v2\/comments?post=4410"}],"version-history":[{"count":0,"href":"https:\/\/olgod-el.dk\/index.php\/wp-json\/wp\/v2\/pages\/4410\/revisions"}],"wp:attachment":[{"href":"https:\/\/olgod-el.dk\/index.php\/wp-json\/wp\/v2\/media?parent=4410"}],"curies":[{"name":"wp","href":"https:\/\/api.w.org\/{rel}","templated":true}]}}